{"id":611,"date":"2022-05-08T00:35:55","date_gmt":"2022-05-07T21:35:55","guid":{"rendered":"http:\/\/u48017.www1.webdomain.fi\/?post_type=product&#038;p=611"},"modified":"2025-06-29T19:34:33","modified_gmt":"2025-06-29T16:34:33","slug":"cerakote-pinnoitus-kompressorikotelo","status":"publish","type":"product","link":"https:\/\/cerakotepalvelut.fi\/?product=cerakote-pinnoitus-kompressorikotelo","title":{"rendered":"Cerakote-pinnoitus kompressorikotelo"},"content":{"rendered":"<p><strong>Toimintaohjeet<\/strong><\/p>\n<ol>\n<li>Osta palvelu verkkokaupastamme.<\/li>\n<li>Voit lis\u00e4t\u00e4 tilauksen yhteydess\u00e4 mahdolliset tarkennukset ja lis\u00e4tiedot sille varattuun tekstikentt\u00e4\u00e4n. Luemme ne huolella.<\/li>\n<li>Saat vahvistuksen palvelun onnistuneesta ostamisesta s\u00e4hk\u00f6postiisi.<\/li>\n<li>Pese maalattavat osat huolellisesti<\/li>\n<li>L\u00e4het\u00e4 tuotteet pakattuna osoitteeseen:<br \/>\nCerakote Palvelut Satamatie 1, 44500 Viitasaari.<br \/>\ns\u00e4hk\u00f6postiosoite: myynti@cerakotepalvelut.fi. Rahdin maksajana l\u00e4hett\u00e4j\u00e4<\/li>\n<li>Noudamme l\u00e4hetyksesi Matkahuollosta ja otamme teht\u00e4v\u00e4n ty\u00f6jonoon. Arvioitu kesto ty\u00f6n valmistumiselle on 14 vrk. Laskien tuotteen saapumisesta meille<\/li>\n<li>Pakkaamme osat ja viemme l\u00e4hetyksen Matkahuoltoon. Paluurahti on maksettu tilauksella. Saat saapumisilmoituksen kun l\u00e4hetys on saapunut l\u00e4himp\u00e4\u00e4n Matkahuollon noutopisteeseesi. <strong>(HUOM. ULKOMAAN TOIMITUKSILLA L\u00c4TETYS EDULLISIMMALLA SHIPITIN VAIHTOEHDOLLA)<\/strong><\/li>\n<li>K\u00e4y antamassa oma arviosi palvelun laadusta verkkokauppaamme<\/li>\n<\/ol>\n","protected":false},"excerpt":{"rendered":"<p>Kuvassa Burnt Bronze C-148<\/p>\n<p>&nbsp;<\/p>\n<p>Katso alta l\u00e4mp\u00f6tilan kestot, ja arvioi itse kest\u00e4\u00e4k\u00f6 kohteessa. Alle 800c spekseill\u00e4 omalla vastuulla.<\/p>\n<p>&nbsp;<\/p>\n<p>Pinnoite kest\u00e4\u00e4 v\u00e4ri\u00e4 muuttamatta:<\/p>\n<p>Klikkaa allaolevaa v\u00e4ri\u00e4, niin p\u00e4\u00e4set technical data sheettiin<\/p>\n<p><a href=\"https:\/\/images.nicindustries.com\/cerakote\/documents\/1081\/c-7300-black-velvet-dt20211228230400261.pdf?1640732642&amp;_gl=1*1ebuv02*_ga*MTk2NzI5MjM1Ni4xNTYwOTY4MTIx*_ga_KPM5Q2PRTX*MTY4MjUxMTc5NC4zNDcuMS4xNjgyNTEyNjM0LjQzLjAuMA..&amp;_ga=2.177222375.353296920.1682359647-1967292356.1560968121\">C-7300 Black Velvet = 900c<\/a><\/p>\n<p><a href=\"https:\/\/images.nicindustries.com\/cerakote\/documents\/1006\/v-172-gold-dt20211129224820827.pdf?1638226102&amp;_gl=1*xzzkx8*_ga*MTk2NzI5MjM1Ni4xNTYwOTY4MTIx*_ga_KPM5Q2PRTX*MTY4MjQ2ODc4Ni4zNDYuMS4xNjgyNDY5NDI5LjQ0LjAuMA..&amp;_ga=2.106885441.353296920.1682359647-1967292356.1560968121\">V-172 Gold = 980c<\/a><\/p>\n<p><a href=\"https:\/\/images.nicindustries.com\/cerakote\/documents\/1079\/c-7700-glacier-silver-dt20211228230004578.pdf?1640732406&amp;_gl=1*14gwwx4*_ga*MTk2NzI5MjM1Ni4xNTYwOTY4MTIx*_ga_KPM5Q2PRTX*MTY4MjUzODI4Ni4zNDguMS4xNjgyNTM4MzExLjM1LjAuMA..&amp;_ga=2.77078487.353296920.1682359647-1967292356.1560968121\">C-7700 Glacier Silver = 980c<\/a><\/p>\n<p><a href=\"https:\/\/images.nicindustries.com\/cerakote\/documents\/1117\/c-105-titanium-dt20211228234520619.pdf?1640735122&amp;_gl=1*1qs9oq9*_ga*MTk2NzI5MjM1Ni4xNTYwOTY4MTIx*_ga_KPM5Q2PRTX*MTY4MjUzODI4Ni4zNDguMS4xNjgyNTM4NDM2LjU3LjAuMA..&amp;_ga=2.119881034.353296920.1682359647-1967292356.1560968121\">C-105 Titanium = 870c<\/a><\/p>\n<p><a href=\"https:\/\/images.nicindustries.com\/cerakote\/documents\/1106\/c-148-burnt-bronze-dt20211228233848546.pdf?1640734730&amp;_gl=1*kd1e4o*_ga*MTk2NzI5MjM1Ni4xNTYwOTY4MTIx*_ga_KPM5Q2PRTX*MTY4MjUzODI4Ni4zNDguMS4xNjgyNTM4NTY1LjMxLjAuMA..&amp;_ga=2.181205349.353296920.1682359647-1967292356.1560968121\">C-148 Burnt Bronze = 980c<\/a><\/p>\n<p><a href=\"https:\/\/images.nicindustries.com\/cerakote\/documents\/2078\/c-190-20150-coyote-dt20230418232542875431.pdf?1681860345&amp;_gl=1*ipna7i*_ga*MTk2NzI5MjM1Ni4xNTYwOTY4MTIx*_ga_KPM5Q2PRTX*MTY4MjUzODI4Ni4zNDguMS4xNjgyNTQwNDQzLjIzLjAuMA..&amp;_ga=2.136829938.353296920.1682359647-1967292356.1560968121\">C-267 Magpul FDE = 645c<\/a> (linkki menee C-190 mutta samat ominaisuudet)<\/p>\n<p>&nbsp;<\/p>\n<p><a href=\"https:\/\/images.nicindustries.com\/cerakote\/documents\/1521\/elite-series-tds-dt202204121811106231.pdf?1649787072&amp;_gl=1*smjefb*_ga*MTk2NzI5MjM1Ni4xNTYwOTY4MTIx*_ga_KPM5Q2PRTX*MTY4MjUzODI4Ni4zNDguMS4xNjgyNTM5NjQ2LjM1LjAuMA..&amp;_ga=2.79051350.353296920.1682359647-1967292356.1560968121\">E-100 BlackOut =260c<\/a><\/p>\n<p><a href=\"https:\/\/images.nicindustries.com\/cerakote\/documents\/1521\/elite-series-tds-dt202204121811106231.pdf?1649787072&amp;_gl=1*smjefb*_ga*MTk2NzI5MjM1Ni4xNTYwOTY4MTIx*_ga_KPM5Q2PRTX*MTY4MjUzODI4Ni4zNDguMS4xNjgyNTM5NjQ2LjM1LjAuMA..&amp;_ga=2.79051350.353296920.1682359647-1967292356.1560968121\">E-120 Smoke =260c<\/a><\/p>\n<p><a href=\"https:\/\/images.nicindustries.com\/cerakote\/documents\/1521\/elite-series-tds-dt202204121811106231.pdf?1649787072&amp;_gl=1*smjefb*_ga*MTk2NzI5MjM1Ni4xNTYwOTY4MTIx*_ga_KPM5Q2PRTX*MTY4MjUzODI4Ni4zNDguMS4xNjgyNTM5NjQ2LjM1LjAuMA..&amp;_ga=2.79051350.353296920.1682359647-1967292356.1560968121\">E-220 Navy = 175c<\/a><\/p>\n<p><a href=\"https:\/\/images.nicindustries.com\/cerakote\/documents\/1521\/elite-series-tds-dt202204121811106231.pdf?1649787072&amp;_gl=1*smjefb*_ga*MTk2NzI5MjM1Ni4xNTYwOTY4MTIx*_ga_KPM5Q2PRTX*MTY4MjUzODI4Ni4zNDguMS4xNjgyNTM5NjQ2LjM1LjAuMA..&amp;_ga=2.79051350.353296920.1682359647-1967292356.1560968121\">E-310 Fire = 175c<\/a><\/p>\n<p><a href=\"https:\/\/images.nicindustries.com\/cerakote\/documents\/2065\/h-series-tds-dt2023031320391567823.pdf?1678739958&amp;_gl=1*1bjedv1*_ga*MTk2NzI5MjM1Ni4xNTYwOTY4MTIx*_ga_KPM5Q2PRTX*MTY4MjUzODI4Ni4zNDguMS4xNjgyNTQwNzM4LjQyLjAuMA..&amp;_ga=2.178272230.353296920.1682359647-1967292356.1560968121\">H-236 O.D.Green =230c<\/a><\/p>\n","protected":false},"featured_media":632,"comment_status":"open","ping_status":"closed","template":"","meta":[],"product_brand":[],"product_cat":[34],"product_tag":[],"class_list":{"0":"post-611","1":"product","2":"type-product","3":"status-publish","4":"has-post-thumbnail","6":"product_cat-autojen-osat","7":"product_shipping_class-matkahuolto-pieni","9":"first","10":"instock","11":"taxable","12":"shipping-taxable","13":"purchasable","14":"product-type-variable","15":"has-default-attributes"},"jetpack_sharing_enabled":true,"_links":{"self":[{"href":"https:\/\/cerakotepalvelut.fi\/index.php?rest_route=\/wp\/v2\/product\/611","targetHints":{"allow":["GET"]}}],"collection":[{"href":"https:\/\/cerakotepalvelut.fi\/index.php?rest_route=\/wp\/v2\/product"}],"about":[{"href":"https:\/\/cerakotepalvelut.fi\/index.php?rest_route=\/wp\/v2\/types\/product"}],"replies":[{"embeddable":true,"href":"https:\/\/cerakotepalvelut.fi\/index.php?rest_route=%2Fwp%2Fv2%2Fcomments&post=611"}],"wp:featuredmedia":[{"embeddable":true,"href":"https:\/\/cerakotepalvelut.fi\/index.php?rest_route=\/wp\/v2\/media\/632"}],"wp:attachment":[{"href":"https:\/\/cerakotepalvelut.fi\/index.php?rest_route=%2Fwp%2Fv2%2Fmedia&parent=611"}],"wp:term":[{"taxonomy":"product_brand","embeddable":true,"href":"https:\/\/cerakotepalvelut.fi\/index.php?rest_route=%2Fwp%2Fv2%2Fproduct_brand&post=611"},{"taxonomy":"product_cat","embeddable":true,"href":"https:\/\/cerakotepalvelut.fi\/index.php?rest_route=%2Fwp%2Fv2%2Fproduct_cat&post=611"},{"taxonomy":"product_tag","embeddable":true,"href":"https:\/\/cerakotepalvelut.fi\/index.php?rest_route=%2Fwp%2Fv2%2Fproduct_tag&post=611"}],"curies":[{"name":"wp","href":"https:\/\/api.w.org\/{rel}","templated":true}]}}