{"id":273,"date":"2018-11-15T19:16:44","date_gmt":"2018-11-15T17:16:44","guid":{"rendered":"http:\/\/u48017.shellit.org\/?post_type=product&#038;p=273"},"modified":"2025-06-29T19:42:22","modified_gmt":"2025-06-29T16:42:22","slug":"piipun_pinnoitus","status":"publish","type":"product","link":"https:\/\/cerakotepalvelut.fi\/?product=piipun_pinnoitus","title":{"rendered":"Kiv\u00e4\u00e4rin\/haulikon piippu (yksiv\u00e4rinen)"},"content":{"rendered":"<p><strong>LUE OHJEET TARKKAAN:<\/strong><\/p>\n<p>&nbsp;<\/p>\n<ol>\n<li><strong>LUE JA YMM\u00c4RR\u00c4 OHJEET ENNEN TILAUSTA<\/strong><\/li>\n<li>Tilaa tuote verkkokaupasta<\/li>\n<li>Merkitse lis\u00e4tietoihin aseen sarjanumero<\/li>\n<li>Soita\/l\u00e4het\u00e4 tekstiviesti numeroon <strong>+35844 706 1790 ENNEN L\u00c4HETYST\u00c4 (Asesep\u00e4nliike Ter\u00e4sj\u00e4nne Oy)<\/strong><\/li>\n<li>L\u00e4het\u00e4 tuote osoitteeseen:\n<ul>\n<li>Asesep\u00e4nliike Ter\u00e4sj\u00e4nne Oy<\/li>\n<li>Tuotinkatu 1<\/li>\n<li>35800\u00a0 M\u00c4NTT\u00c4<\/li>\n<li>K\u00e4yt\u00e4 asiakaspalautusnumeroa\u00a0<strong>9557222<\/strong> Asesep\u00e4nliike Ter\u00e4sj\u00e4nne Oy<\/li>\n<\/ul>\n<\/li>\n<li>Pakettiin mukaan kopio luvasta ja henkil\u00f6- tai ajokortista, omat yhteystietosi.<\/li>\n<li>Pakkaa tuotteet huolella<\/li>\n<li>Asesep\u00e4nliike tuo tuotteen Cerakote palveluille kerran kuukaudessa<\/li>\n<li>Tuote tehd\u00e4\u00e4n valitsemallasi v\u00e4rill\u00e4 Cerakote Palveluilla<\/li>\n<li>Asesep\u00e4nliike l\u00e4hett\u00e4\u00e4 tuotteen takaisin sinulle<\/li>\n<li>Anna palautetta saatuasi tuote takaisin<\/li>\n<\/ol>\n<ul>\n<li>Arvolupaus, tuote tehd\u00e4\u00e4n ammattimaisesti MAX. toimitusaika noin 1kk<\/li>\n<\/ul>\n","protected":false},"excerpt":{"rendered":"<p>Cerakote pinnoitus piippuun.<\/p>\n<p>Kiv\u00e4\u00e4rin\/Haulikon piippu<\/p>\n<p><strong>LUE OHJEET ENNEN TILAUSTA<\/strong><\/p>\n<p>&nbsp;<\/p>\n<p>Cerakote on markkinoiden paras aseiden pinnoite.<\/p>\n<ul>\n<li>Suojaa korroosiota vastaan<\/li>\n<li>Kest\u00e4\u00e4 kemikaaleja<\/li>\n<li>Helppo puhdistaa<\/li>\n<li>Siisti pinta<\/li>\n<li>Loistava hinta\/laatu suhde<\/li>\n<\/ul>\n<p>Tied\u00e4mme mit\u00e4 teemme:<\/p>\n<ul>\n<li>Ymm\u00e4rr\u00e4mme piipunp\u00e4\u00e4n merkityksen<\/li>\n<li>Ymm\u00e4rr\u00e4mme sulkuv\u00e4lin merkityksen<\/li>\n<li>Ymm\u00e4rr\u00e4mme itselataavien k\u00e4yntiin vaikuttavat tekij\u00e4t (pinnoituksen suhteen)<\/li>\n<li>Uunitus l\u00e4mm\u00f6t ovat turvallisen matalalla<\/li>\n<\/ul>\n","protected":false},"featured_media":227,"comment_status":"open","ping_status":"closed","template":"","meta":[],"product_brand":[],"product_cat":[51],"product_tag":[],"class_list":{"0":"post-273","1":"product","2":"type-product","3":"status-publish","4":"has-post-thumbnail","6":"product_cat-aseiden-cerakote-pinnoitus","8":"first","9":"instock","10":"taxable","11":"shipping-taxable","12":"purchasable","13":"product-type-variable"},"jetpack_sharing_enabled":true,"_links":{"self":[{"href":"https:\/\/cerakotepalvelut.fi\/index.php?rest_route=\/wp\/v2\/product\/273","targetHints":{"allow":["GET"]}}],"collection":[{"href":"https:\/\/cerakotepalvelut.fi\/index.php?rest_route=\/wp\/v2\/product"}],"about":[{"href":"https:\/\/cerakotepalvelut.fi\/index.php?rest_route=\/wp\/v2\/types\/product"}],"replies":[{"embeddable":true,"href":"https:\/\/cerakotepalvelut.fi\/index.php?rest_route=%2Fwp%2Fv2%2Fcomments&post=273"}],"wp:featuredmedia":[{"embeddable":true,"href":"https:\/\/cerakotepalvelut.fi\/index.php?rest_route=\/wp\/v2\/media\/227"}],"wp:attachment":[{"href":"https:\/\/cerakotepalvelut.fi\/index.php?rest_route=%2Fwp%2Fv2%2Fmedia&parent=273"}],"wp:term":[{"taxonomy":"product_brand","embeddable":true,"href":"https:\/\/cerakotepalvelut.fi\/index.php?rest_route=%2Fwp%2Fv2%2Fproduct_brand&post=273"},{"taxonomy":"product_cat","embeddable":true,"href":"https:\/\/cerakotepalvelut.fi\/index.php?rest_route=%2Fwp%2Fv2%2Fproduct_cat&post=273"},{"taxonomy":"product_tag","embeddable":true,"href":"https:\/\/cerakotepalvelut.fi\/index.php?rest_route=%2Fwp%2Fv2%2Fproduct_tag&post=273"}],"curies":[{"name":"wp","href":"https:\/\/api.w.org\/{rel}","templated":true}]}}