{"id":2394,"date":"2024-09-01T19:18:15","date_gmt":"2024-09-01T16:18:15","guid":{"rendered":"https:\/\/cerakotepalvelut.fi\/?post_type=product&#038;p=2394"},"modified":"2025-06-29T19:33:19","modified_gmt":"2025-06-29T16:33:19","slug":"mannan-keraaminen-pinnoitus-helmalaki","status":"publish","type":"product","link":"https:\/\/cerakotepalvelut.fi\/?product=mannan-keraaminen-pinnoitus-helmalaki","title":{"rendered":"M\u00e4nn\u00e4n keraaminen pinnoitus helma+laki"},"content":{"rendered":"<p><strong>Toimintaohjeet<\/strong><\/p>\n<ol>\n<li>Osta palvelu verkkokaupastamme.<\/li>\n<li>Voit lis\u00e4t\u00e4 tilauksen yhteydess\u00e4 mahdolliset tarkennukset ja lis\u00e4tiedot sille varattuun tekstikentt\u00e4\u00e4n. Luemme ne huolella.<\/li>\n<li>Saat vahvistuksen palvelun onnistuneesta ostamisesta s\u00e4hk\u00f6postiisi.<\/li>\n<li>Pese maalattavat osat huolellisesti<\/li>\n<li>L\u00e4het\u00e4 tuotteet pakattuna osoitteeseen<\/li>\n<li>Cerakote Palvelut Satamatie 1, 44500 Viitasaari.<br \/>\ns\u00e4hk\u00f6postiosoite: myynti@cerakotepalvelut.fi. Rahdin maksajana l\u00e4hett\u00e4j\u00e4.<\/li>\n<li>Noudamme l\u00e4hetyksesi Matkahuollosta ja otamme teht\u00e4v\u00e4n ty\u00f6jonoon. Arvioitu kesto ty\u00f6n valmistumiselle on 14 vrk. Laskien tuotteen saapumisesta meille<\/li>\n<li>Pakkaamme osat ja viemme l\u00e4hetyksen Matkahuoltoon. Paluurahti on maksettu tilauksella. Saat saapumisilmoituksen kun l\u00e4hetys on saapunut l\u00e4himp\u00e4\u00e4n Matkahuollon noutopisteeseesi. <strong>(HUOM. ULKOMAAN TOIMITUKSILLA L\u00c4TETYS EDULLISIMMALLA SHIPITIN VAIHTOEHDOLLA)<\/strong><\/li>\n<li>K\u00e4y antamassa oma arviosi palvelun laadusta verkkokauppaamme<\/li>\n<\/ol>\n","protected":false},"excerpt":{"rendered":"<p>Tosi harrastajan ja kilpailijan valinta, kun haluat parasta.<\/p>\n<p>&nbsp;<\/p>\n<p>Pinnoite tuo mant\u00e4\u00e4n lis\u00e4\u00e4 painoa 0,09-0,18g (perustuu meid\u00e4n ennen ja j\u00e4lkeen punnitukseen)<\/p>\n<p>&nbsp;<\/p>\n<p>Pienent\u00e4\u00e4 &#8221;m\u00e4nt\u00e4pisti\u00e4isen&#8221; riski\u00e4.<\/p>\n<p>Karsta ei tartu niin helposti venttiiliin<\/p>\n<p>M\u00e4nt\u00e4 pysyy viile\u00e4mp\u00e4n\u00e4<\/p>\n<p>Helmoissa turvaa voitelua<\/p>\n<p>&nbsp;<\/p>\n<p>Suojaa esim. maalarinteipill\u00e4 kohta jos haluat laen ylitse pinnoituksen.<\/p>\n<p>Kun saat m\u00e4nn\u00e4t takaisin, Putsaa huolella kaikki kolot ja kanavat.<\/p>\n<p>&nbsp;<\/p>\n<p>M\u00e4nn\u00e4t voi toimittaa my\u00f6s veivien kanssa.<\/p>\n","protected":false},"featured_media":2397,"comment_status":"open","ping_status":"closed","template":"","meta":[],"product_brand":[],"product_cat":[34,30],"product_tag":[],"class_list":{"0":"post-2394","1":"product","2":"type-product","3":"status-publish","4":"has-post-thumbnail","6":"product_cat-autojen-osat","7":"product_cat-moottoripyoran-osien-pinnoitus","9":"first","10":"instock","11":"taxable","12":"shipping-taxable","13":"purchasable","14":"product-type-variable"},"jetpack_sharing_enabled":true,"_links":{"self":[{"href":"https:\/\/cerakotepalvelut.fi\/index.php?rest_route=\/wp\/v2\/product\/2394","targetHints":{"allow":["GET"]}}],"collection":[{"href":"https:\/\/cerakotepalvelut.fi\/index.php?rest_route=\/wp\/v2\/product"}],"about":[{"href":"https:\/\/cerakotepalvelut.fi\/index.php?rest_route=\/wp\/v2\/types\/product"}],"replies":[{"embeddable":true,"href":"https:\/\/cerakotepalvelut.fi\/index.php?rest_route=%2Fwp%2Fv2%2Fcomments&post=2394"}],"wp:featuredmedia":[{"embeddable":true,"href":"https:\/\/cerakotepalvelut.fi\/index.php?rest_route=\/wp\/v2\/media\/2397"}],"wp:attachment":[{"href":"https:\/\/cerakotepalvelut.fi\/index.php?rest_route=%2Fwp%2Fv2%2Fmedia&parent=2394"}],"wp:term":[{"taxonomy":"product_brand","embeddable":true,"href":"https:\/\/cerakotepalvelut.fi\/index.php?rest_route=%2Fwp%2Fv2%2Fproduct_brand&post=2394"},{"taxonomy":"product_cat","embeddable":true,"href":"https:\/\/cerakotepalvelut.fi\/index.php?rest_route=%2Fwp%2Fv2%2Fproduct_cat&post=2394"},{"taxonomy":"product_tag","embeddable":true,"href":"https:\/\/cerakotepalvelut.fi\/index.php?rest_route=%2Fwp%2Fv2%2Fproduct_tag&post=2394"}],"curies":[{"name":"wp","href":"https:\/\/api.w.org\/{rel}","templated":true}]}}