{"id":2144,"date":"2024-02-02T17:06:18","date_gmt":"2024-02-02T15:06:18","guid":{"rendered":"https:\/\/cerakotepalvelut.fi\/?post_type=product&#038;p=2144"},"modified":"2024-08-26T15:32:58","modified_gmt":"2024-08-26T12:32:58","slug":"lattiakaivonkansi-vieser-musta-2","status":"publish","type":"product","link":"https:\/\/cerakotepalvelut.fi\/?product=lattiakaivonkansi-vieser-musta-2","title":{"rendered":"Lattiakaivonkansi Vieser Musta"},"content":{"rendered":"<p>Tilaa tuote, toimitus 4 arkip\u00e4iv\u00e4\u00e4.<\/p>\n<p>&nbsp;<\/p>\n","protected":false},"excerpt":{"rendered":"<p>Cerakote pinnoitettuja lattiakaivonkansia.<\/p>\n<p>Scandinaaviseen sisustukseen sopiva laadukas tuote, joka sopivan hillitty katseen vangitsija.<\/p>\n<p>&nbsp;<\/p>\n<p>Perustuotteen tiedot:<\/p>\n<ul>\n<li>197mm x 197mm<\/li>\n<li id=\"piProductNumber\">3315955<\/li>\n<li>11087238<\/li>\n<li>51292<\/li>\n<li>3410941<\/li>\n<li>7129520<\/li>\n<\/ul>\n<p>&nbsp;<\/p>\n<p>&nbsp;<\/p>\n<p>&nbsp;<\/p>\n","protected":false},"featured_media":2139,"comment_status":"open","ping_status":"closed","template":"","meta":[],"product_brand":[],"product_cat":[50],"product_tag":[],"class_list":{"0":"post-2144","1":"product","2":"type-product","3":"status-publish","4":"has-post-thumbnail","6":"product_cat-kodin-tuotteet","8":"first","9":"instock","10":"sale","11":"taxable","12":"shipping-taxable","13":"purchasable","14":"product-type-simple"},"jetpack_sharing_enabled":true,"_links":{"self":[{"href":"https:\/\/cerakotepalvelut.fi\/index.php?rest_route=\/wp\/v2\/product\/2144","targetHints":{"allow":["GET"]}}],"collection":[{"href":"https:\/\/cerakotepalvelut.fi\/index.php?rest_route=\/wp\/v2\/product"}],"about":[{"href":"https:\/\/cerakotepalvelut.fi\/index.php?rest_route=\/wp\/v2\/types\/product"}],"replies":[{"embeddable":true,"href":"https:\/\/cerakotepalvelut.fi\/index.php?rest_route=%2Fwp%2Fv2%2Fcomments&post=2144"}],"wp:featuredmedia":[{"embeddable":true,"href":"https:\/\/cerakotepalvelut.fi\/index.php?rest_route=\/wp\/v2\/media\/2139"}],"wp:attachment":[{"href":"https:\/\/cerakotepalvelut.fi\/index.php?rest_route=%2Fwp%2Fv2%2Fmedia&parent=2144"}],"wp:term":[{"taxonomy":"product_brand","embeddable":true,"href":"https:\/\/cerakotepalvelut.fi\/index.php?rest_route=%2Fwp%2Fv2%2Fproduct_brand&post=2144"},{"taxonomy":"product_cat","embeddable":true,"href":"https:\/\/cerakotepalvelut.fi\/index.php?rest_route=%2Fwp%2Fv2%2Fproduct_cat&post=2144"},{"taxonomy":"product_tag","embeddable":true,"href":"https:\/\/cerakotepalvelut.fi\/index.php?rest_route=%2Fwp%2Fv2%2Fproduct_tag&post=2144"}],"curies":[{"name":"wp","href":"https:\/\/api.w.org\/{rel}","templated":true}]}}