{"id":1918,"date":"2024-01-10T18:37:56","date_gmt":"2024-01-10T16:37:56","guid":{"rendered":"https:\/\/cerakotepalvelut.fi\/?post_type=product&#038;p=1918"},"modified":"2025-06-26T19:12:43","modified_gmt":"2025-06-26T16:12:43","slug":"pakosarjan-sisapuolinen-pinnoitus-techline","status":"publish","type":"product","link":"https:\/\/cerakotepalvelut.fi\/?product=pakosarjan-sisapuolinen-pinnoitus-techline","title":{"rendered":"Pakosarjan Sis\u00e4puolinen pinnoitus Cerakote"},"content":{"rendered":"\r\n<p><strong>Toimintaohjeet<\/strong><\/p>\r\n<ol>\r\n<li>Osta palvelu verkkokaupastamme.<\/li>\r\n<li>Voit lis\u00e4t\u00e4 tilauksen yhteydess\u00e4 mahdolliset tarkennukset ja lis\u00e4tiedot sille varattuun tekstikentt\u00e4\u00e4n. Luemme ne huolella.<\/li>\r\n<li>Saat vahvistuksen palvelun onnistuneesta ostamisesta s\u00e4hk\u00f6postiisi.<\/li>\r\n<li>Pese maalattavat osat huolellisesti<\/li>\r\n<li>L\u00e4het\u00e4 tuotteet pakattuna osoitteeseen:<\/li>\r\n<li>Cerakote Palvelut Satamatie 1, 44500 Viitasaari.<br \/>s\u00e4hk\u00f6postiosoite: myynti@cerakotepalvelut.fi. Rahdin maksajana l\u00e4hett\u00e4j\u00e4.<\/li>\r\n<li>Noudamme l\u00e4hetyksesi Matkahuollosta ja otamme teht\u00e4v\u00e4n ty\u00f6jonoon. Arvioitu kesto ty\u00f6n valmistumiselle on 14 vrk. Laskien tuotteen saapumisesta meille<\/li>\r\n<li>Pakkaamme osat ja viemme l\u00e4hetyksen Matkahuoltoon. Paluurahti on maksettu tilauksella. Saat saapumisilmoituksen kun l\u00e4hetys on saapunut l\u00e4himp\u00e4\u00e4n Matkahuollon noutopisteeseesi. <strong>(HUOM. ULKOMAAN TOIMITUKSILLA L\u00c4TETYS EDULLISIMMALLA SHIPITIN VAIHTOEHDOLLA)<\/strong><\/li>\r\n<li>K\u00e4y antamassa oma arviosi palvelun laadusta verkkokauppaamme<\/li>\r\n<\/ol>\r\n<ol start=\"1\"><\/ol>\r\n<!-- \/wp:post-content -->","protected":false},"excerpt":{"rendered":"<p>Pakosarjan sis\u00e4puolinen l\u00e4mp\u00f6kilpi pinnoite<\/p>\n<p>Teolliselta puolelta parhaaksi todettu pinnoite.<\/p>\n","protected":false},"featured_media":635,"comment_status":"open","ping_status":"closed","template":"","meta":[],"product_brand":[],"product_cat":[34],"product_tag":[],"class_list":{"0":"post-1918","1":"product","2":"type-product","3":"status-publish","4":"has-post-thumbnail","6":"product_cat-autojen-osat","8":"first","9":"instock","10":"taxable","11":"shipping-taxable","12":"purchasable","13":"product-type-variable","14":"has-default-attributes"},"jetpack_sharing_enabled":true,"_links":{"self":[{"href":"https:\/\/cerakotepalvelut.fi\/index.php?rest_route=\/wp\/v2\/product\/1918","targetHints":{"allow":["GET"]}}],"collection":[{"href":"https:\/\/cerakotepalvelut.fi\/index.php?rest_route=\/wp\/v2\/product"}],"about":[{"href":"https:\/\/cerakotepalvelut.fi\/index.php?rest_route=\/wp\/v2\/types\/product"}],"replies":[{"embeddable":true,"href":"https:\/\/cerakotepalvelut.fi\/index.php?rest_route=%2Fwp%2Fv2%2Fcomments&post=1918"}],"wp:featuredmedia":[{"embeddable":true,"href":"https:\/\/cerakotepalvelut.fi\/index.php?rest_route=\/wp\/v2\/media\/635"}],"wp:attachment":[{"href":"https:\/\/cerakotepalvelut.fi\/index.php?rest_route=%2Fwp%2Fv2%2Fmedia&parent=1918"}],"wp:term":[{"taxonomy":"product_brand","embeddable":true,"href":"https:\/\/cerakotepalvelut.fi\/index.php?rest_route=%2Fwp%2Fv2%2Fproduct_brand&post=1918"},{"taxonomy":"product_cat","embeddable":true,"href":"https:\/\/cerakotepalvelut.fi\/index.php?rest_route=%2Fwp%2Fv2%2Fproduct_cat&post=1918"},{"taxonomy":"product_tag","embeddable":true,"href":"https:\/\/cerakotepalvelut.fi\/index.php?rest_route=%2Fwp%2Fv2%2Fproduct_tag&post=1918"}],"curies":[{"name":"wp","href":"https:\/\/api.w.org\/{rel}","templated":true}]}}