{"id":1830,"date":"2024-01-04T23:10:03","date_gmt":"2024-01-04T21:10:03","guid":{"rendered":"https:\/\/cerakotepalvelut.fi\/?post_type=product&#038;p=1830"},"modified":"2024-08-26T15:53:50","modified_gmt":"2024-08-26T12:53:50","slug":"lattiakaivonkansi-vieser-musta","status":"publish","type":"product","link":"https:\/\/cerakotepalvelut.fi\/?product=lattiakaivonkansi-vieser-musta","title":{"rendered":"Lattiakaivonkansi Vieser Musta"},"content":{"rendered":"<p>Tilaa tuote, toimitus 4 arkip\u00e4iv\u00e4\u00e4.<\/p>\n<p>Ilmainen toimitus matkahuollon l\u00e4hell\u00e4 pakettina ymp\u00e4ri Suomen.<\/p>\n","protected":false},"excerpt":{"rendered":"<p>Cerakote pinnoitettuja lattiakaivonkansia.<\/p>\n<p>Scandinaaviseen sisustukseen sopiva laadukas tuote, joka sopivan hillitty katseen vangitsija.<\/p>\n<p>&nbsp;<\/p>\n<p>Perustuotteen tiedot:<\/p>\n<ul>\n<li>197mm x 197mm<\/li>\n<li id=\"piProductNumber\"><span id=\"tuotekoodi\" data-osoitekoodi=\"LVI-3316228\">3316228<\/span><\/li>\n<li>51240<\/li>\n<li>488590<\/li>\n<li><span id=\"tuotekoodi\" data-osoitekoodi=\"LVI-3316228\">3316228<\/span><\/li>\n<\/ul>\n<p>&nbsp;<\/p>\n<p>&nbsp;<\/p>\n<p>&nbsp;<\/p>\n","protected":false},"featured_media":2136,"comment_status":"open","ping_status":"closed","template":"","meta":[],"product_brand":[],"product_cat":[50],"product_tag":[],"class_list":{"0":"post-1830","1":"product","2":"type-product","3":"status-publish","4":"has-post-thumbnail","6":"product_cat-kodin-tuotteet","8":"first","9":"instock","10":"sale","11":"taxable","12":"shipping-taxable","13":"purchasable","14":"product-type-variable","15":"has-default-attributes"},"jetpack_sharing_enabled":true,"_links":{"self":[{"href":"https:\/\/cerakotepalvelut.fi\/index.php?rest_route=\/wp\/v2\/product\/1830","targetHints":{"allow":["GET"]}}],"collection":[{"href":"https:\/\/cerakotepalvelut.fi\/index.php?rest_route=\/wp\/v2\/product"}],"about":[{"href":"https:\/\/cerakotepalvelut.fi\/index.php?rest_route=\/wp\/v2\/types\/product"}],"replies":[{"embeddable":true,"href":"https:\/\/cerakotepalvelut.fi\/index.php?rest_route=%2Fwp%2Fv2%2Fcomments&post=1830"}],"wp:featuredmedia":[{"embeddable":true,"href":"https:\/\/cerakotepalvelut.fi\/index.php?rest_route=\/wp\/v2\/media\/2136"}],"wp:attachment":[{"href":"https:\/\/cerakotepalvelut.fi\/index.php?rest_route=%2Fwp%2Fv2%2Fmedia&parent=1830"}],"wp:term":[{"taxonomy":"product_brand","embeddable":true,"href":"https:\/\/cerakotepalvelut.fi\/index.php?rest_route=%2Fwp%2Fv2%2Fproduct_brand&post=1830"},{"taxonomy":"product_cat","embeddable":true,"href":"https:\/\/cerakotepalvelut.fi\/index.php?rest_route=%2Fwp%2Fv2%2Fproduct_cat&post=1830"},{"taxonomy":"product_tag","embeddable":true,"href":"https:\/\/cerakotepalvelut.fi\/index.php?rest_route=%2Fwp%2Fv2%2Fproduct_tag&post=1830"}],"curies":[{"name":"wp","href":"https:\/\/api.w.org\/{rel}","templated":true}]}}