{"id":141,"date":"2018-06-13T19:26:29","date_gmt":"2018-06-13T16:26:29","guid":{"rendered":"http:\/\/u48017.shellit.org\/?post_type=product&#038;p=141"},"modified":"2024-08-27T15:02:58","modified_gmt":"2024-08-27T12:02:58","slug":"etu-jarrusatulan-pinnoitus","status":"publish","type":"product","link":"https:\/\/cerakotepalvelut.fi\/?product=etu-jarrusatulan-pinnoitus","title":{"rendered":"Etu jarrusatulan pinnoitus"},"content":{"rendered":"<p><strong>Toimintaohjeet<\/strong><\/p>\n<ol>\n<li>Osta palvelu verkkokaupastamme.<\/li>\n<li>Voit lis\u00e4t\u00e4 tilauksen yhteydess\u00e4 mahdolliset tarkennukset ja lis\u00e4tiedot sille varattuun tekstikentt\u00e4\u00e4n. Luemme ne huolella.<\/li>\n<li>Saat vahvistuksen palvelun onnistuneesta ostamisesta s\u00e4hk\u00f6postiisi.<\/li>\n<li>Pese maalattavat osat huolellisesti<\/li>\n<li>L\u00e4het\u00e4 tuotteet pakattuna osoitteeseen:<br \/>\nCeramet Oy, Satamatie 1, 44500 Viitasaari.<br \/>\ns\u00e4hk\u00f6postiosoite: myynti@ceramet.fi. Rahdin maksajana l\u00e4hett\u00e4j\u00e4.<\/li>\n<li>Noudamme l\u00e4hetyksesi Matkahuollosta ja otamme teht\u00e4v\u00e4n ty\u00f6jonoon. Arvioitu kesto ty\u00f6n valmistumiselle on 14 vrk. Laskien tuotteen saapumisesta meille<\/li>\n<li>Pakkaamme osat ja viemme l\u00e4hetyksen Matkahuoltoon. Paluurahti on maksettu tilauksella. Saat saapumisilmoituksen kun l\u00e4hetys on saapunut l\u00e4himp\u00e4\u00e4n Matkahuollon noutopisteeseesi. <strong>(HUOM. ULKOMAAN TOIMITUKSILLA L\u00c4TETYS EDULLISIMMALLA SHIPITIN VAIHTOEHDOLLA)<\/strong><\/li>\n<li>K\u00e4y antamassa oma arviosi palvelun laadusta verkkokauppaamme<\/li>\n<\/ol>\n","protected":false},"excerpt":{"rendered":"<p>Keraaminen pinnoitus jarrusatulalle. Pinnoite kest\u00e4\u00e4 l\u00e4mp\u00f6\u00e4 ja jarrunestett\u00e4.<\/p>\n<p>Hinta sis\u00e4lt\u00e4\u00e4 esim. Brembo logon Merkkaile lis\u00e4tietoihin tilauksen lopussa v\u00e4ri yms. toiveet<\/p>\n","protected":false},"featured_media":31,"comment_status":"open","ping_status":"closed","template":"","meta":[],"product_brand":[],"product_cat":[34],"product_tag":[],"class_list":{"0":"post-141","1":"product","2":"type-product","3":"status-publish","4":"has-post-thumbnail","6":"product_cat-autojen-osat","8":"first","9":"instock","10":"taxable","11":"shipping-taxable","12":"purchasable","13":"product-type-simple"},"jetpack_sharing_enabled":true,"_links":{"self":[{"href":"https:\/\/cerakotepalvelut.fi\/index.php?rest_route=\/wp\/v2\/product\/141","targetHints":{"allow":["GET"]}}],"collection":[{"href":"https:\/\/cerakotepalvelut.fi\/index.php?rest_route=\/wp\/v2\/product"}],"about":[{"href":"https:\/\/cerakotepalvelut.fi\/index.php?rest_route=\/wp\/v2\/types\/product"}],"replies":[{"embeddable":true,"href":"https:\/\/cerakotepalvelut.fi\/index.php?rest_route=%2Fwp%2Fv2%2Fcomments&post=141"}],"wp:featuredmedia":[{"embeddable":true,"href":"https:\/\/cerakotepalvelut.fi\/index.php?rest_route=\/wp\/v2\/media\/31"}],"wp:attachment":[{"href":"https:\/\/cerakotepalvelut.fi\/index.php?rest_route=%2Fwp%2Fv2%2Fmedia&parent=141"}],"wp:term":[{"taxonomy":"product_brand","embeddable":true,"href":"https:\/\/cerakotepalvelut.fi\/index.php?rest_route=%2Fwp%2Fv2%2Fproduct_brand&post=141"},{"taxonomy":"product_cat","embeddable":true,"href":"https:\/\/cerakotepalvelut.fi\/index.php?rest_route=%2Fwp%2Fv2%2Fproduct_cat&post=141"},{"taxonomy":"product_tag","embeddable":true,"href":"https:\/\/cerakotepalvelut.fi\/index.php?rest_route=%2Fwp%2Fv2%2Fproduct_tag&post=141"}],"curies":[{"name":"wp","href":"https:\/\/api.w.org\/{rel}","templated":true}]}}