{"id":55,"date":"2018-04-11T20:23:17","date_gmt":"2018-04-11T17:23:17","guid":{"rendered":"http:\/\/u48017.shellit.org\/?page_id=55"},"modified":"2025-05-01T19:31:20","modified_gmt":"2025-05-01T16:31:20","slug":"toimitustavat","status":"publish","type":"page","link":"https:\/\/cerakotepalvelut.fi\/?page_id=55","title":{"rendered":"Toimitustavat"},"content":{"rendered":"\n<div class=\"wp-block-group has-background\" style=\"background-color:#ededd0;padding-top:var(--wp--preset--spacing--80);padding-right:0;padding-bottom:var(--wp--preset--spacing--80);padding-left:0\"><div class=\"wp-block-group__inner-container is-layout-flow wp-block-group-is-layout-flow\"><h1 style=\"font-style:normal;font-weight:700;\" class=\"has-text-align-center has-link-color wp-elements-81ea031a39b99a02a33a50222e5f2d3d wp-block-site-title has-text-color has-black-color has-medium-font-size\"><a href=\"https:\/\/cerakotepalvelut.fi\" target=\"_self\" rel=\"home\">Cerakote Palvelut<\/a><\/h1>\n\n<p class=\"has-text-align-center wp-elements-3f7173d43528d763ea9e6dc2f75d00da wp-block-site-tagline has-text-color has-black-color\">Maalauksen ja erikoispinnoituksen verkkokauppa<\/p>\n\n\n<div style=\"height:20px\" aria-hidden=\"true\" class=\"wp-block-spacer\"><\/div>\n\n\n\n<div class=\"wp-block-buttons is-content-justification-center is-layout-flex wp-container-core-buttons-is-layout-16018d1d wp-block-buttons-is-layout-flex\">\n<div class=\"wp-block-button has-custom-width wp-block-button__width-100 is-style-outline is-style-outline--1\"><a class=\"wp-block-button__link has-black-color has-text-color has-link-color wp-element-button\" href=\"https:\/\/www.matkahuolto.fi\/palvelupisteet?id=2676\">L\u00e4het\u00e4 tuotteet Matkahuollolla Viitasaaren Matkahuolto asiamiehelle.<\/a><\/div>\n\n\n\n<div class=\"wp-block-button has-custom-width wp-block-button__width-100 is-style-outline is-style-outline--2\"><a class=\"wp-block-button__link has-black-color has-text-color has-link-color wp-element-button\" href=\"https:\/\/www.ceramet.fi\/\">Cerakote Palvelut , Satamatie 1, 44500 VIITASAARI 0500698873<\/a><\/div>\n\n\n\n<div class=\"wp-block-button has-custom-width wp-block-button__width-100 is-style-outline is-style-outline--3\"><a class=\"wp-block-button__link has-black-color has-text-color has-link-color wp-element-button\" href=\"http:\/\/www.logistiikkayritykset.fi\/media\/materiaalipankki\/yleinen-pakkausohje.pdf\">Pakkaa tuotteet huolella.<\/a><\/div>\n\n\n\n<div class=\"wp-block-button has-custom-width wp-block-button__width-100 is-style-outline is-style-outline--4\"><a class=\"wp-block-button__link has-black-color has-text-color has-link-color wp-element-button\">Laita pakkaukseen tilausvahvistus sek\u00e4 merkitse suojattavat kohteet esim. maalarinteipill\u00e4.<\/a><\/div>\n\n\n\n<div class=\"wp-block-button has-custom-width wp-block-button__width-100 is-style-outline is-style-outline--5\"><a class=\"wp-block-button__link has-black-color has-text-color has-link-color wp-element-button\">Hyv\u00e4t ohjeet on onnistumisen a ja o \ud83d\ude42<\/a><\/div>\n<\/div>\n<\/div><\/div>\n\n\n\n<div class=\"wp-block-group alignfull has-background-color has-white-color has-black-background-color has-text-color has-background has-link-color wp-elements-3317e58274576411e89342d628a199e4 is-vertical is-content-justification-stretch is-layout-flex wp-container-core-group-is-layout-47eb2bc5 wp-block-group-is-layout-flex\" style=\"min-height:40vh;margin-top:0;margin-bottom:0;padding-top:var(--wp--preset--spacing--60);padding-right:var(--wp--preset--spacing--40);padding-bottom:var(--wp--preset--spacing--60);padding-left:var(--wp--preset--spacing--40)\">\n<div class=\"wp-block-columns alignwide has-small-font-size is-layout-flex wp-container-core-columns-is-layout-9d6595d7 wp-block-columns-is-layout-flex\">\n<div class=\"wp-block-column is-layout-flow wp-block-column-is-layout-flow\">\n<p class=\"has-text-align-center\">Cerakote Palvelut<\/p>\n\n\n\n<p class=\"has-text-align-center\">Satamatie 1<\/p>\n\n\n\n<p class=\"has-text-align-center\">44500 Viitasaari<\/p>\n\n\n\n<p class=\"has-text-align-center\"><a href=\"http:\/\/www.ceramet.fi\">www.ceramet.fi<\/a><\/p>\n\n\n\n<p class=\"has-text-align-center\"><a href=\"http:\/\/www.cerakotepalvelut.fi\">www.cerakotepalvelut.fi<\/a><\/p>\n\n\n\n<p class=\"has-text-align-center\">+358500698873<\/p>\n\n\n\n<div style=\"height:24px\" aria-hidden=\"true\" class=\"wp-block-spacer\"><\/div>\n<\/div>\n\n\n\n<div class=\"wp-block-column is-layout-flow wp-block-column-is-layout-flow\">\n<p class=\"has-text-align-center\">Pages<\/p>\n\n\n<nav class=\"has-small-font-size items-justified-center is-vertical no-wrap wp-block-navigation is-content-justification-center is-nowrap is-layout-flex wp-container-core-navigation-is-layout-685400d0 wp-block-navigation-is-layout-flex\" aria-label=\"(nime\u00e4m\u00e4t\u00f6n)\"><ul class=\"wp-block-navigation__container has-small-font-size items-justified-center is-vertical no-wrap wp-block-navigation has-small-font-size\"><li class=\"has-small-font-size wp-block-navigation-item wp-block-navigation-link\"><a class=\"wp-block-navigation-item__content\"  href=\"https:\/\/cerakotepalvelut.fi\/?page_id=195\"><span class=\"wp-block-navigation-item__label\">Etusivu<\/span><\/a><\/li><li class=\"has-small-font-size wp-block-navigation-item wp-block-navigation-link\"><a class=\"wp-block-navigation-item__content\"  href=\"https:\/\/cerakotepalvelut.fi\/\"><span class=\"wp-block-navigation-item__label\">Verkkokauppa<\/span><\/a><\/li><li class=\"has-small-font-size wp-block-navigation-item wp-block-navigation-link\"><a class=\"wp-block-navigation-item__content\"  href=\"https:\/\/cerakotepalvelut.fi\/?page_id=55\"><span class=\"wp-block-navigation-item__label\">Tietoa toimitustavoista<\/span><\/a><\/li><li class=\"has-small-font-size wp-block-navigation-item wp-block-navigation-link\"><a class=\"wp-block-navigation-item__content\"  href=\"https:\/\/cerakotepalvelut.fi\/?page_id=5\"><span class=\"wp-block-navigation-item__label\">Ostoskori<\/span><\/a><\/li><li class=\"has-small-font-size wp-block-navigation-item wp-block-navigation-link\"><a class=\"wp-block-navigation-item__content\"  href=\"https:\/\/cerakotepalvelut.fi\/?page_id=106\"><span class=\"wp-block-navigation-item__label\">Ota yhteytt\u00e4<\/span><\/a><\/li><\/ul><\/nav>\n\n\n<div style=\"height:24px\" aria-hidden=\"true\" class=\"wp-block-spacer\"><\/div>\n<\/div>\n\n\n\n<div class=\"wp-block-column is-layout-flow wp-block-column-is-layout-flow\">\n<p class=\"has-text-align-center\">Follow us<\/p>\n\n\n\n<div class=\"wp-block-group is-vertical is-content-justification-center is-layout-flex wp-container-core-group-is-layout-bdd043ae wp-block-group-is-layout-flex\">\n<p><a href=\"https:\/\/www.facebook.com\/profile.php?id=100063512200936\">Facbook<\/a><\/p>\n\n\n\n<p><a href=\"https:\/\/www.instagram.com\/ceramet_oy\/?utm_source=ig_embed&amp;hl=fi\">Instagram<\/a><\/p>\n\n\n\n<p><a href=\"https:\/\/cerakotepalvelut.fi\/?page_id=195\">Verkkokauppa<\/a><\/p>\n\n\n\n<p><a href=\"http:\/\/www.ceramet.fi\">Kotisivut<\/a><\/p>\n\n\n\n<p><\/p>\n<\/div>\n\n\n\n<div style=\"height:24px\" aria-hidden=\"true\" class=\"wp-block-spacer\"><\/div>\n<\/div>\n<\/div>\n\n\n\n<div class=\"wp-block-group alignwide is-content-justification-center is-layout-flex wp-container-core-group-is-layout-5590e8cb wp-block-group-is-layout-flex\">\n<p class=\"has-text-align-center has-small-font-size\"> Proudly powered by <a rel=\"nofollow\" href=\"https:\/\/wordpress.org\">WordPress<\/a> <\/p>\n<\/div>\n<\/div>\n","protected":false},"excerpt":{"rendered":"<p>Cerakote Palvelut Satamatie 1 44500 Viitasaari www.ceramet.fi www.cerakotepalvelut.fi +358500698873 Pages Follow us Facbook Instagram Verkkokauppa Kotisivut Proudly powered by WordPress<\/p>\n","protected":false},"author":3,"featured_media":0,"parent":0,"menu_order":0,"comment_status":"closed","ping_status":"closed","template":"","meta":{"footnotes":""},"class_list":["post-55","page","type-page","status-publish","hentry"],"jetpack_sharing_enabled":true,"_links":{"self":[{"href":"https:\/\/cerakotepalvelut.fi\/index.php?rest_route=\/wp\/v2\/pages\/55","targetHints":{"allow":["GET"]}}],"collection":[{"href":"https:\/\/cerakotepalvelut.fi\/index.php?rest_route=\/wp\/v2\/pages"}],"about":[{"href":"https:\/\/cerakotepalvelut.fi\/index.php?rest_route=\/wp\/v2\/types\/page"}],"author":[{"embeddable":true,"href":"https:\/\/cerakotepalvelut.fi\/index.php?rest_route=\/wp\/v2\/users\/3"}],"replies":[{"embeddable":true,"href":"https:\/\/cerakotepalvelut.fi\/index.php?rest_route=%2Fwp%2Fv2%2Fcomments&post=55"}],"version-history":[{"count":14,"href":"https:\/\/cerakotepalvelut.fi\/index.php?rest_route=\/wp\/v2\/pages\/55\/revisions"}],"predecessor-version":[{"id":2483,"href":"https:\/\/cerakotepalvelut.fi\/index.php?rest_route=\/wp\/v2\/pages\/55\/revisions\/2483"}],"wp:attachment":[{"href":"https:\/\/cerakotepalvelut.fi\/index.php?rest_route=%2Fwp%2Fv2%2Fmedia&parent=55"}],"curies":[{"name":"wp","href":"https:\/\/api.w.org\/{rel}","templated":true}]}}