{"id":5,"date":"2018-04-11T14:20:05","date_gmt":"2018-04-11T11:20:05","guid":{"rendered":"http:\/\/u48017.shellit.org\/?page_id=5"},"modified":"2025-06-24T16:25:34","modified_gmt":"2025-06-24T13:25:34","slug":"ostoskori","status":"publish","type":"page","link":"https:\/\/cerakotepalvelut.fi\/?page_id=5","title":{"rendered":"Ostoskori"},"content":{"rendered":"\n<figure class=\"wp-block-pullquote\"><blockquote><p><\/p><\/blockquote><\/figure>\n\n\n<div class=\"woocommerce\"><div class=\"woocommerce-notices-wrapper\"><\/div><div class=\"wc-empty-cart-message\">\n\t<div class=\"cart-empty woocommerce-info\" role=\"status\">\n\t\tOstoskori on tyhj\u00e4.\t<\/div>\n<\/div>\t<p class=\"return-to-shop\">\n\t\t<a class=\"button wc-backward\" href=\"https:\/\/cerakotepalvelut.fi\">\n\t\t\tTakaisin kauppaan\t\t<\/a>\n\t<\/p>\n<\/div>\n\n\n<div class=\"wp-block-group alignfull has-background-color has-white-color has-black-background-color has-text-color has-background has-link-color wp-elements-dd792baa2b55a723799d8ee672fc301a is-vertical is-content-justification-stretch is-layout-flex wp-container-core-group-is-layout-47eb2bc5 wp-block-group-is-layout-flex\" style=\"min-height:40vh;margin-top:0;margin-bottom:0;padding-top:var(--wp--preset--spacing--60);padding-right:var(--wp--preset--spacing--40);padding-bottom:var(--wp--preset--spacing--60);padding-left:var(--wp--preset--spacing--40)\">\n<div class=\"wp-block-columns alignwide has-small-font-size is-layout-flex wp-container-core-columns-is-layout-9d6595d7 wp-block-columns-is-layout-flex\">\n<div class=\"wp-block-column is-layout-flow wp-block-column-is-layout-flow\">\n<p class=\"has-text-align-center\">Cerakote Palvelut<\/p>\n\n\n\n<p class=\"has-text-align-center\">Satamatie 1<\/p>\n\n\n\n<p class=\"has-text-align-center\">44500 Viitasaari<\/p>\n\n\n\n<p class=\"has-text-align-center\"><a href=\"http:\/\/www.ceramet.fi\">www.ceramet.fi<\/a><\/p>\n\n\n\n<p class=\"has-text-align-center\"><a href=\"http:\/\/www.cerakotepalvelut.fi\">www.cerakotepalvelut.fi<\/a><\/p>\n\n\n\n<p class=\"has-text-align-center\">myynti@cerakotepalvelut.fi<\/p>\n\n\n\n<p class=\"has-text-align-center\">+358500698873<\/p>\n\n\n\n<div style=\"height:24px\" aria-hidden=\"true\" class=\"wp-block-spacer\"><\/div>\n<\/div>\n\n\n\n<div class=\"wp-block-column is-layout-flow wp-block-column-is-layout-flow\">\n<p class=\"has-text-align-center\">Pages<\/p>\n\n\n<nav class=\"has-small-font-size items-justified-center is-vertical no-wrap wp-block-navigation is-content-justification-center is-nowrap is-layout-flex wp-container-core-navigation-is-layout-685400d0 wp-block-navigation-is-layout-flex\" aria-label=\"(nime\u00e4m\u00e4t\u00f6n)\"><ul class=\"wp-block-navigation__container has-small-font-size items-justified-center is-vertical no-wrap wp-block-navigation has-small-font-size\"><li class=\"has-small-font-size wp-block-navigation-item wp-block-navigation-link\"><a class=\"wp-block-navigation-item__content\"  href=\"https:\/\/cerakotepalvelut.fi\/?page_id=195\"><span class=\"wp-block-navigation-item__label\">Etusivu<\/span><\/a><\/li><li class=\"has-small-font-size wp-block-navigation-item wp-block-navigation-link\"><a class=\"wp-block-navigation-item__content\"  href=\"https:\/\/cerakotepalvelut.fi\/\"><span class=\"wp-block-navigation-item__label\">Verkkokauppa<\/span><\/a><\/li><li class=\"has-small-font-size wp-block-navigation-item wp-block-navigation-link\"><a class=\"wp-block-navigation-item__content\"  href=\"https:\/\/cerakotepalvelut.fi\/?page_id=55\"><span class=\"wp-block-navigation-item__label\">Tietoa toimitustavoista<\/span><\/a><\/li><li class=\"has-small-font-size wp-block-navigation-item wp-block-navigation-link\"><a class=\"wp-block-navigation-item__content\"  href=\"https:\/\/cerakotepalvelut.fi\/?page_id=5\"><span class=\"wp-block-navigation-item__label\">Ostoskori<\/span><\/a><\/li><li class=\"has-small-font-size wp-block-navigation-item wp-block-navigation-link\"><a class=\"wp-block-navigation-item__content\"  href=\"https:\/\/cerakotepalvelut.fi\/?page_id=106\"><span class=\"wp-block-navigation-item__label\">Ota yhteytt\u00e4<\/span><\/a><\/li><\/ul><\/nav>\n\n\n<div style=\"height:24px\" aria-hidden=\"true\" class=\"wp-block-spacer\"><\/div>\n<\/div>\n\n\n\n<div class=\"wp-block-column is-layout-flow wp-block-column-is-layout-flow\">\n<p class=\"has-text-align-center\">Follow us<\/p>\n\n\n\n<div class=\"wp-block-group is-vertical is-content-justification-center is-layout-flex wp-container-core-group-is-layout-bdd043ae wp-block-group-is-layout-flex\">\n<p><a href=\"https:\/\/www.facebook.com\/profile.php?id=100063512200936\">Facbook<\/a><\/p>\n\n\n\n<p><a href=\"https:\/\/www.instagram.com\/ceramet_oy\/?utm_source=ig_embed&amp;hl=fi\">Instagram<\/a><\/p>\n\n\n\n<p><a href=\"https:\/\/cerakotepalvelut.fi\/?page_id=195\">Verkkokauppa<\/a><\/p>\n\n\n\n<p><a href=\"http:\/\/www.ceramet.fi\">Kotisivut<\/a><\/p>\n\n\n\n<p><\/p>\n<\/div>\n\n\n\n<div style=\"height:24px\" aria-hidden=\"true\" class=\"wp-block-spacer\"><\/div>\n<\/div>\n<\/div>\n\n\n\n<div class=\"wp-block-group alignwide is-content-justification-center is-layout-flex wp-container-core-group-is-layout-5590e8cb wp-block-group-is-layout-flex\">\n<p class=\"has-text-align-center has-small-font-size\"> Proudly powered by <a rel=\"nofollow\" href=\"https:\/\/wordpress.org\">WordPress<\/a> <\/p>\n<\/div>\n<\/div>\n","protected":false},"excerpt":{"rendered":"<p>Cerakote Palvelut Satamatie 1 44500 Viitasaari www.ceramet.fi www.cerakotepalvelut.fi myynti@cerakotepalvelut.fi +358500698873 Pages Follow us Facbook Instagram Verkkokauppa Kotisivut Proudly powered by WordPress<\/p>\n","protected":false},"author":3,"featured_media":0,"parent":0,"menu_order":0,"comment_status":"closed","ping_status":"closed","template":"","meta":{"footnotes":""},"class_list":["post-5","page","type-page","status-publish","hentry"],"jetpack_sharing_enabled":true,"_links":{"self":[{"href":"https:\/\/cerakotepalvelut.fi\/index.php?rest_route=\/wp\/v2\/pages\/5","targetHints":{"allow":["GET"]}}],"collection":[{"href":"https:\/\/cerakotepalvelut.fi\/index.php?rest_route=\/wp\/v2\/pages"}],"about":[{"href":"https:\/\/cerakotepalvelut.fi\/index.php?rest_route=\/wp\/v2\/types\/page"}],"author":[{"embeddable":true,"href":"https:\/\/cerakotepalvelut.fi\/index.php?rest_route=\/wp\/v2\/users\/3"}],"replies":[{"embeddable":true,"href":"https:\/\/cerakotepalvelut.fi\/index.php?rest_route=%2Fwp%2Fv2%2Fcomments&post=5"}],"version-history":[{"count":6,"href":"https:\/\/cerakotepalvelut.fi\/index.php?rest_route=\/wp\/v2\/pages\/5\/revisions"}],"predecessor-version":[{"id":2499,"href":"https:\/\/cerakotepalvelut.fi\/index.php?rest_route=\/wp\/v2\/pages\/5\/revisions\/2499"}],"wp:attachment":[{"href":"https:\/\/cerakotepalvelut.fi\/index.php?rest_route=%2Fwp%2Fv2%2Fmedia&parent=5"}],"curies":[{"name":"wp","href":"https:\/\/api.w.org\/{rel}","templated":true}]}}